{"id":1730,"date":"2015-11-26T10:19:38","date_gmt":"2015-11-26T09:19:38","guid":{"rendered":"http:\/\/kimbex.pl\/?page_id=1730&#038;lang=en"},"modified":"2015-11-26T10:23:12","modified_gmt":"2015-11-26T09:23:12","slug":"o-nas-3","status":"publish","type":"page","link":"https:\/\/kimbex.pl\/en\/about-us\/o-nas-3\/","title":{"rendered":"O nas &#8211; 3"},"content":{"rendered":"<p>W ko\u0144cu, niezwykle podekscytowani, siadamy za kierownic\u0105 prawdziwego samochodu \u2013 pocz\u0105tkowo ucz\u0105c si\u0119 jazdy z ojcem, bratem b\u0105d\u017a wujkiem, gdzie\u015b po polnych drogach, by osi\u0105gaj\u0105c pe\u0142noletnio\u015b\u0107 trafi\u0107 do \u201eelki\u201d i dzi\u0119ki swoim umiej\u0119tno\u015bciom wywalczy\u0107 prawo jazdy, na kt\u00f3re czekali\u015bmy z ogromn\u0105 niecierpliwo\u015bci\u0105. Od tej pory zmienia si\u0119 wiele rzeczy \u2013 mo\u017cemy porusza\u0107 si\u0119 po drogach samodzielnie, pomy\u015ble\u0107 o pierwszym samochodzie kupionym za w\u0142asne fundusze, a nast\u0119pnie dba\u0107 o \u201ecztery k\u00f3\u0142ka\u201d, kt\u00f3re na zawsze pozostan\u0105 w naszej pami\u0119ci jako te pierwsze \u2013 nie zmienia si\u0119 jedynie mi\u0142o\u015b\u0107 do motoryzacji oraz marzenia o supersamochodach, za kierownic\u0105 kt\u00f3rych chcieliby\u015bmy usi\u0105\u015b\u0107. W ko\u0144cu zaczynamy prowadzi\u0107 samodzielne \u017cycie, zak\u0142adamy rodziny, rozwijamy si\u0119 zawodowo, a jednak wci\u0105\u017c marzymy.\u00a0<strong>Przychodzi jednak moment, w kt\u00f3rym jest nas sta\u0107 na realizacj\u0119 w\u0142asnych marze\u0144 \u2013 je\u017celi znajdujesz si\u0119 w tym momencie, to trafi\u0142e\u015b idealnie.<\/strong><\/p>\n","protected":false},"excerpt":{"rendered":"<p>W ko\u0144cu, niezwykle podekscytowani, siadamy za kierownic\u0105 prawdziwego samochodu \u2013 pocz\u0105tkowo ucz\u0105c si\u0119 jazdy z ojcem, bratem b\u0105d\u017a wujkiem, gdzie\u015b po polnych drogach, by osi\u0105gaj\u0105c pe\u0142noletnio\u015b\u0107 trafi\u0107 do \u201eelki\u201d i dzi\u0119ki swoim umiej\u0119tno\u015bciom wywalczy\u0107 prawo jazdy, na kt\u00f3re czekali\u015bmy z ogromn\u0105 niecierpliwo\u015bci\u0105. Od tej pory zmienia si\u0119 wiele rzeczy \u2013 mo\u017cemy porusza\u0107 si\u0119 po drogach [&hellip;]<\/p>\n","protected":false},"author":2,"featured_media":0,"parent":566,"menu_order":0,"comment_status":"closed","ping_status":"closed","template":"","meta":[],"yoast_head":"<!-- This site is optimized with the Yoast SEO plugin v19.2 - https:\/\/yoast.com\/wordpress\/plugins\/seo\/ -->\n<title>O nas - 3 | Kimbex Dream Cars<\/title>\n<meta name=\"description\" content=\"W ko\u0144cu, niezwykle podekscytowani, siadamy za kierownic\u0105 prawdziwego samochodu \u2013 pocz\u0105tkowo ucz\u0105c si\u0119 jazdy z ojcem, bratem b\u0105d\u017a wujkiem, gdzie\u015b po\" \/>\n<meta name=\"robots\" content=\"index, follow, max-snippet:-1, max-image-preview:large, max-video-preview:-1\" \/>\n<link rel=\"canonical\" href=\"https:\/\/kimbex.pl\/en\/about-us\/o-nas-3\/\" \/>\n<meta property=\"og:locale\" content=\"en_US\" \/>\n<meta property=\"og:type\" content=\"article\" \/>\n<meta property=\"og:title\" content=\"O nas - 3 | Kimbex Dream Cars\" \/>\n<meta property=\"og:description\" content=\"W ko\u0144cu, niezwykle podekscytowani, siadamy za kierownic\u0105 prawdziwego samochodu \u2013 pocz\u0105tkowo ucz\u0105c si\u0119 jazdy z ojcem, bratem b\u0105d\u017a wujkiem, gdzie\u015b po\" \/>\n<meta property=\"og:url\" content=\"https:\/\/kimbex.pl\/en\/about-us\/o-nas-3\/\" \/>\n<meta property=\"og:site_name\" content=\"Kimbex Dream Cars\" \/>\n<meta property=\"article:publisher\" content=\"https:\/\/www.facebook.com\/KimbexDreamCars\/\" \/>\n<meta property=\"article:modified_time\" content=\"2015-11-26T09:23:12+00:00\" \/>\n<meta name=\"author\" content=\"admin\" \/>\n<meta name=\"twitter:card\" content=\"summary\" \/>\n<meta name=\"twitter:label1\" content=\"Est. reading time\" \/>\n\t<meta name=\"twitter:data1\" content=\"1 minute\" \/>\n<script type=\"application\/ld+json\" class=\"yoast-schema-graph\">{\"@context\":\"https:\/\/schema.org\",\"@graph\":[{\"@type\":\"WebSite\",\"@id\":\"https:\/\/kimbex.pl\/#website\",\"url\":\"https:\/\/kimbex.pl\/\",\"name\":\"Kimbex Dream Cars\",\"description\":\"Kimbex Dream Cars\",\"potentialAction\":[{\"@type\":\"SearchAction\",\"target\":{\"@type\":\"EntryPoint\",\"urlTemplate\":\"https:\/\/kimbex.pl\/?s={search_term_string}\"},\"query-input\":\"required name=search_term_string\"}],\"inLanguage\":\"en-US\"},{\"@type\":\"WebPage\",\"@id\":\"https:\/\/kimbex.pl\/en\/about-us\/o-nas-3\/#webpage\",\"url\":\"https:\/\/kimbex.pl\/en\/about-us\/o-nas-3\/\",\"name\":\"O nas - 3 | Kimbex Dream Cars\",\"isPartOf\":{\"@id\":\"https:\/\/kimbex.pl\/#website\"},\"datePublished\":\"2015-11-26T09:19:38+00:00\",\"dateModified\":\"2015-11-26T09:23:12+00:00\",\"description\":\"W ko\u0144cu, niezwykle podekscytowani, siadamy za kierownic\u0105 prawdziwego samochodu \u2013 pocz\u0105tkowo ucz\u0105c si\u0119 jazdy z ojcem, bratem b\u0105d\u017a wujkiem, gdzie\u015b po\",\"breadcrumb\":{\"@id\":\"https:\/\/kimbex.pl\/en\/about-us\/o-nas-3\/#breadcrumb\"},\"inLanguage\":\"en-US\",\"potentialAction\":[{\"@type\":\"ReadAction\",\"target\":[\"https:\/\/kimbex.pl\/en\/about-us\/o-nas-3\/\"]}]},{\"@type\":\"BreadcrumbList\",\"@id\":\"https:\/\/kimbex.pl\/en\/about-us\/o-nas-3\/#breadcrumb\",\"itemListElement\":[{\"@type\":\"ListItem\",\"position\":1,\"name\":\"Strona g\u0142\u00f3wna\",\"item\":\"https:\/\/kimbex.pl\/en\/\"},{\"@type\":\"ListItem\",\"position\":2,\"name\":\"About Us\",\"item\":\"https:\/\/kimbex.pl\/en\/about-us\/\"},{\"@type\":\"ListItem\",\"position\":3,\"name\":\"O nas &#8211; 3\"}]}]}<\/script>\n<!-- \/ Yoast SEO plugin. -->","yoast_head_json":{"title":"O nas - 3 | Kimbex Dream Cars","description":"W ko\u0144cu, niezwykle podekscytowani, siadamy za kierownic\u0105 prawdziwego samochodu \u2013 pocz\u0105tkowo ucz\u0105c si\u0119 jazdy z ojcem, bratem b\u0105d\u017a wujkiem, gdzie\u015b po","robots":{"index":"index","follow":"follow","max-snippet":"max-snippet:-1","max-image-preview":"max-image-preview:large","max-video-preview":"max-video-preview:-1"},"canonical":"https:\/\/kimbex.pl\/en\/about-us\/o-nas-3\/","og_locale":"en_US","og_type":"article","og_title":"O nas - 3 | Kimbex Dream Cars","og_description":"W ko\u0144cu, niezwykle podekscytowani, siadamy za kierownic\u0105 prawdziwego samochodu \u2013 pocz\u0105tkowo ucz\u0105c si\u0119 jazdy z ojcem, bratem b\u0105d\u017a wujkiem, gdzie\u015b po","og_url":"https:\/\/kimbex.pl\/en\/about-us\/o-nas-3\/","og_site_name":"Kimbex Dream Cars","article_publisher":"https:\/\/www.facebook.com\/KimbexDreamCars\/","article_modified_time":"2015-11-26T09:23:12+00:00","author":"admin","twitter_card":"summary","twitter_misc":{"Est. reading time":"1 minute"},"schema":{"@context":"https:\/\/schema.org","@graph":[{"@type":"WebSite","@id":"https:\/\/kimbex.pl\/#website","url":"https:\/\/kimbex.pl\/","name":"Kimbex Dream Cars","description":"Kimbex Dream Cars","potentialAction":[{"@type":"SearchAction","target":{"@type":"EntryPoint","urlTemplate":"https:\/\/kimbex.pl\/?s={search_term_string}"},"query-input":"required name=search_term_string"}],"inLanguage":"en-US"},{"@type":"WebPage","@id":"https:\/\/kimbex.pl\/en\/about-us\/o-nas-3\/#webpage","url":"https:\/\/kimbex.pl\/en\/about-us\/o-nas-3\/","name":"O nas - 3 | Kimbex Dream Cars","isPartOf":{"@id":"https:\/\/kimbex.pl\/#website"},"datePublished":"2015-11-26T09:19:38+00:00","dateModified":"2015-11-26T09:23:12+00:00","description":"W ko\u0144cu, niezwykle podekscytowani, siadamy za kierownic\u0105 prawdziwego samochodu \u2013 pocz\u0105tkowo ucz\u0105c si\u0119 jazdy z ojcem, bratem b\u0105d\u017a wujkiem, gdzie\u015b po","breadcrumb":{"@id":"https:\/\/kimbex.pl\/en\/about-us\/o-nas-3\/#breadcrumb"},"inLanguage":"en-US","potentialAction":[{"@type":"ReadAction","target":["https:\/\/kimbex.pl\/en\/about-us\/o-nas-3\/"]}]},{"@type":"BreadcrumbList","@id":"https:\/\/kimbex.pl\/en\/about-us\/o-nas-3\/#breadcrumb","itemListElement":[{"@type":"ListItem","position":1,"name":"Strona g\u0142\u00f3wna","item":"https:\/\/kimbex.pl\/en\/"},{"@type":"ListItem","position":2,"name":"About Us","item":"https:\/\/kimbex.pl\/en\/about-us\/"},{"@type":"ListItem","position":3,"name":"O nas &#8211; 3"}]}]}},"_links":{"self":[{"href":"https:\/\/kimbex.pl\/en\/wp-json\/wp\/v2\/pages\/1730"}],"collection":[{"href":"https:\/\/kimbex.pl\/en\/wp-json\/wp\/v2\/pages"}],"about":[{"href":"https:\/\/kimbex.pl\/en\/wp-json\/wp\/v2\/types\/page"}],"author":[{"embeddable":true,"href":"https:\/\/kimbex.pl\/en\/wp-json\/wp\/v2\/users\/2"}],"replies":[{"embeddable":true,"href":"https:\/\/kimbex.pl\/en\/wp-json\/wp\/v2\/comments?post=1730"}],"version-history":[{"count":1,"href":"https:\/\/kimbex.pl\/en\/wp-json\/wp\/v2\/pages\/1730\/revisions"}],"predecessor-version":[{"id":1736,"href":"https:\/\/kimbex.pl\/en\/wp-json\/wp\/v2\/pages\/1730\/revisions\/1736"}],"up":[{"embeddable":true,"href":"https:\/\/kimbex.pl\/en\/wp-json\/wp\/v2\/pages\/566"}],"wp:attachment":[{"href":"https:\/\/kimbex.pl\/en\/wp-json\/wp\/v2\/media?parent=1730"}],"curies":[{"name":"wp","href":"https:\/\/api.w.org\/{rel}","templated":true}]}}