{"id":568,"date":"2015-11-13T12:29:25","date_gmt":"2015-11-13T11:29:25","guid":{"rendered":"http:\/\/kimbex.pl\/?page_id=568&#038;lang=de"},"modified":"2015-11-26T15:05:14","modified_gmt":"2015-11-26T14:05:14","slug":"ueber-uns","status":"publish","type":"page","link":"https:\/\/kimbex.pl\/de\/ueber-uns\/","title":{"rendered":"\u00dcber Uns"},"content":{"rendered":"<p><img class=\"aligncenter\" src=\"http:\/\/kimbex.pl\/wp-content\/uploads\/2015\/11\/about-us-2.jpg\" alt=\"about-us-2\" \/><\/p>\n<p>Im Leben eines jeden Mannes spielen Autos eine extrem wichtige Rolle. Er tritt von klein auf mit ihnen in Kontakt &#8211; oft haben Pl\u00fcschspielzeuge, Rasseln und sonstige Spielzeuge die Form von Fahrzeugen. Wenn das Kind gr\u00f6\u00dfer wird, w\u00e4hlt es selbst \u201eseine\u201c Autos. F\u00fcr einige von ihnen sind das popul\u00e4re Modellautos, andere tauschen Karten mit detaillierten technischen Daten aus, noch andere haben sogar Kinderfahrzeuge mit Pedalen oder Elektromotoren, dank denen sie sich wie kleine Fahrer f\u00fchlen k\u00f6nnen.<\/p>\n<p><img loading=\"lazy\" width=\"1024\" height=\"684\" class=\"wp-image-1768 size-large alignright\" src=\"http:\/\/kimbex.pl\/wp-content\/uploads\/2015\/11\/DSC_3551-1024x684.jpg\" alt=\"\" srcset=\"https:\/\/kimbex.pl\/wp-content\/uploads\/2015\/11\/DSC_3551-1024x684.jpg 1024w, https:\/\/kimbex.pl\/wp-content\/uploads\/2015\/11\/DSC_3551-300x200.jpg 300w, https:\/\/kimbex.pl\/wp-content\/uploads\/2015\/11\/DSC_3551.jpg 1920w\" sizes=\"(max-width: 1024px) 100vw, 1024px\" \/><\/p>\n<p>Dann ist die Zeit reif f\u00fcr Autozeitschriften, aus denen wir erste Details zum Autobau erfahren \u2013 wir bewundern neue Modelle und tr\u00e4umen von dem Tag, an dem wir uns hinter das Steuer setzen k\u00f6nnen. <strong>Die Jahre vergehen und die Liebe zu Autos bl\u00fcht auf<\/strong> \u2013 Tage, an denen wir als kleine Jungen unserem Vater in der Garage halfen, waren eine gute Gelegenheit dazu, vor Kameraden zu prahlen \u2013 selbst, wenn unsere Aufgabe nur darin bestand, ihm den richtigen Schl\u00fcssel zu geben.<\/p>\n<p>Schlie\u00dflich setzen wir uns aufgeregt hinter das Steuer eines echten Autos \u2013 am Anfang \u00fcben wir mit unserem Vater, Bruder oder Onkel irgendwo auf Feldwegen und dann sind wir vollj\u00e4hrig und suchen eine Fahrschule auf. Schlie\u00dflich erringen wir dank unserer eigenen F\u00e4higkeiten den F\u00fchrerschein, auf den wir ungeduldig gewartet haben. Von nun an \u00e4ndert sich viel \u2013 wir k\u00f6nnen selber fahren, an den ersten Wagen denken, den wir mit eigenem Geld finanzieren und unseren Erstwagen dann pflegen\u2013nur die Liebe zu Superautos bleibt. Schlie\u00dflich treten wir ins Erwachsenleben ein, gr\u00fcnden Familien, entfalten uns beruflich, h\u00f6ren aber nicht auf, zu tr\u00e4umen. <strong>Es kommt der Zeitpunkt, dass wir uns unsere Tr\u00e4ume leisten k\u00f6nnen \u2013 wenn Sie sich an diesem Zeitpunkt befinden, dann sind Sie bei uns richtig!<\/strong><\/p>\n<p>&nbsp;<\/p>\n<p><img loading=\"lazy\" width=\"754\" height=\"54\" class=\"size-full wp-image-1830 aligncenter\" src=\"http:\/\/kimbex.pl\/wp-content\/uploads\/2015\/11\/about-us-heading.png\" alt=\"\" srcset=\"https:\/\/kimbex.pl\/wp-content\/uploads\/2015\/11\/about-us-heading.png 754w, https:\/\/kimbex.pl\/wp-content\/uploads\/2015\/11\/about-us-heading-300x21.png 300w, https:\/\/kimbex.pl\/wp-content\/uploads\/2015\/11\/about-us-heading-750x54.png 750w\" sizes=\"(max-width: 754px) 100vw, 754px\" \/><\/p>\n<p>&nbsp;<\/p>\n<p><img loading=\"lazy\" width=\"538\" height=\"264\" class=\"size-medium wp-image-1698 alignleft\" src=\"http:\/\/kimbex.pl\/wp-content\/uploads\/2015\/11\/about-us-3.jpg\" alt=\"\" srcset=\"https:\/\/kimbex.pl\/wp-content\/uploads\/2015\/11\/about-us-3.jpg 538w, https:\/\/kimbex.pl\/wp-content\/uploads\/2015\/11\/about-us-3-300x147.jpg 300w\" sizes=\"(max-width: 538px) 100vw, 538px\" \/><\/p>\n<p>Das Unternehmen KIMBEX hat sich vorwiegend auf den Kauf und Verkauf von Gebrauchtwagen spezialisiert. In unserem Angebot finden Sie sowohl sportliche und exklusive Autounikate, als auch Familienwagen. Obwohl wir oben die Liebe der M\u00e4nner zu Autos erw\u00e4hnten, ist unser Angebot nat\u00fcrlich auch an das sch\u00f6ne Geschlecht gerichtet \u2013 besonders, wenn man ber\u00fccksichtigt, dass Frauen heutzutage im Autosport immer erfolgreicher werden. Nach den Worten von Walter R\u00f6hrl, einem der bekanntesten Rennfahrer \u201ekann man ein Auto nicht wie ein menschliches Wesen behandeln \u2013 ein Auto braucht Liebe\u201c. <strong>Also unabh\u00e4ngig davon, wer Sie sind \u2013 wenn Sie Autos lieben, ist unser Angebot perfekt f\u00fcr Sie!<\/strong><\/p>\n<p>&nbsp;<\/p>\n<p><img loading=\"lazy\" width=\"754\" height=\"54\" class=\"size-full wp-image-1830 aligncenter\" src=\"http:\/\/kimbex.pl\/wp-content\/uploads\/2015\/11\/about-us-heading.png\" alt=\"\" srcset=\"https:\/\/kimbex.pl\/wp-content\/uploads\/2015\/11\/about-us-heading.png 754w, https:\/\/kimbex.pl\/wp-content\/uploads\/2015\/11\/about-us-heading-300x21.png 300w, https:\/\/kimbex.pl\/wp-content\/uploads\/2015\/11\/about-us-heading-750x54.png 750w\" sizes=\"(max-width: 754px) 100vw, 754px\" \/><\/p>\n<p><img loading=\"lazy\" width=\"1140\" height=\"292\" class=\"size-medium wp-image-1701 aligncenter\" src=\"http:\/\/kimbex.pl\/wp-content\/uploads\/2015\/11\/about-us-4.jpg\" alt=\"\" srcset=\"https:\/\/kimbex.pl\/wp-content\/uploads\/2015\/11\/about-us-4.jpg 1140w, https:\/\/kimbex.pl\/wp-content\/uploads\/2015\/11\/about-us-4-300x77.jpg 300w, https:\/\/kimbex.pl\/wp-content\/uploads\/2015\/11\/about-us-4-1024x262.jpg 1024w\" sizes=\"(max-width: 1140px) 100vw, 1140px\" \/><\/p>\n<p>Charakteristisch f\u00fcr uns ist, dass jedes der von uns angebotenen Wagen in technischem und rechtlichem Hinblick kontrolliert wird. So k\u00f6nnen wir Ihnen garantieren, dass das bei uns gekaufte Auto eine klare und unfallfreie Vergangenheit hinter sich hat sowie \u00fcber komplette Unterlagen und einen korrekten Kilometerstand verf\u00fcgt. Jedes unserer Autos wird auf Wunsch auch mit einer Garantie angeboten. Wir bieten Ratenkauf oder Leasing.<\/p>\n<p>Neben unserem Verkaufsangebot steht Ihnen auch unser Autoverleih zur Verf\u00fcgung, wo wir Autos f\u00fcr Events, spezielle Feierlichkeiten, f\u00fcr Rennbahnen und zum t\u00e4glichen Gebrauch verleihen.<\/p>\n<p><span style=\"color: #ff0000;\"><strong>Und bitte denken Sie daran \u2013 wir besch\u00e4ftigen uns nicht mit Werkzeugen, sondern damit, Tr\u00e4ume zu erf\u00fcllen. Sind Sie bereit? Dann kontaktieren Sie uns!<\/strong><\/span><\/p>\n","protected":false},"excerpt":{"rendered":"<p>Im Leben eines jeden Mannes spielen Autos eine extrem wichtige Rolle. Er tritt von klein auf mit ihnen in Kontakt &#8211; oft haben Pl\u00fcschspielzeuge, Rasseln und sonstige Spielzeuge die Form von Fahrzeugen. Wenn das Kind gr\u00f6\u00dfer wird, w\u00e4hlt es selbst \u201eseine\u201c Autos. F\u00fcr einige von ihnen sind das popul\u00e4re Modellautos, andere tauschen Karten mit detaillierten [&hellip;]<\/p>\n","protected":false},"author":2,"featured_media":0,"parent":0,"menu_order":0,"comment_status":"closed","ping_status":"closed","template":"about.php","meta":[],"yoast_head":"<!-- This site is optimized with the Yoast SEO plugin v19.2 - https:\/\/yoast.com\/wordpress\/plugins\/seo\/ -->\n<title>\u00dcber Uns | Kimbex Dream Cars<\/title>\n<meta name=\"description\" content=\"Im Leben eines jeden Mannes spielen Autos eine extrem wichtige Rolle. Er tritt von klein auf mit ihnen in Kontakt - oft haben Pl\u00fcschspielzeuge, Rasseln\" \/>\n<meta name=\"robots\" content=\"index, follow, max-snippet:-1, max-image-preview:large, max-video-preview:-1\" \/>\n<link rel=\"canonical\" href=\"https:\/\/kimbex.pl\/de\/ueber-uns\/\" \/>\n<meta property=\"og:locale\" content=\"de_DE\" \/>\n<meta property=\"og:type\" content=\"article\" \/>\n<meta property=\"og:title\" content=\"\u00dcber Uns | Kimbex Dream Cars\" \/>\n<meta property=\"og:description\" content=\"Im Leben eines jeden Mannes spielen Autos eine extrem wichtige Rolle. Er tritt von klein auf mit ihnen in Kontakt - oft haben Pl\u00fcschspielzeuge, Rasseln\" \/>\n<meta property=\"og:url\" content=\"https:\/\/kimbex.pl\/de\/ueber-uns\/\" \/>\n<meta property=\"og:site_name\" content=\"Kimbex Dream Cars\" \/>\n<meta property=\"article:publisher\" content=\"https:\/\/www.facebook.com\/KimbexDreamCars\/\" \/>\n<meta property=\"article:modified_time\" content=\"2015-11-26T14:05:14+00:00\" \/>\n<meta property=\"og:image\" content=\"http:\/\/kimbex.pl\/wp-content\/uploads\/2015\/11\/about-us-2.jpg\" \/>\n<meta name=\"author\" content=\"admin\" \/>\n<meta name=\"twitter:card\" content=\"summary\" \/>\n<meta name=\"twitter:label1\" content=\"Gesch\u00e4tzte Lesezeit\" \/>\n\t<meta name=\"twitter:data1\" content=\"3\u00a0Minuten\" \/>\n<script type=\"application\/ld+json\" class=\"yoast-schema-graph\">{\"@context\":\"https:\/\/schema.org\",\"@graph\":[{\"@type\":\"WebSite\",\"@id\":\"https:\/\/kimbex.pl\/#website\",\"url\":\"https:\/\/kimbex.pl\/\",\"name\":\"Kimbex Dream Cars\",\"description\":\"Kimbex Dream Cars\",\"potentialAction\":[{\"@type\":\"SearchAction\",\"target\":{\"@type\":\"EntryPoint\",\"urlTemplate\":\"https:\/\/kimbex.pl\/?s={search_term_string}\"},\"query-input\":\"required name=search_term_string\"}],\"inLanguage\":\"de\"},{\"@type\":\"ImageObject\",\"inLanguage\":\"de\",\"@id\":\"https:\/\/kimbex.pl\/de\/ueber-uns\/#primaryimage\",\"url\":\"http:\/\/kimbex.pl\/wp-content\/uploads\/2015\/11\/about-us-2.jpg\",\"contentUrl\":\"http:\/\/kimbex.pl\/wp-content\/uploads\/2015\/11\/about-us-2.jpg\"},{\"@type\":\"WebPage\",\"@id\":\"https:\/\/kimbex.pl\/de\/ueber-uns\/#webpage\",\"url\":\"https:\/\/kimbex.pl\/de\/ueber-uns\/\",\"name\":\"\u00dcber Uns | Kimbex Dream Cars\",\"isPartOf\":{\"@id\":\"https:\/\/kimbex.pl\/#website\"},\"primaryImageOfPage\":{\"@id\":\"https:\/\/kimbex.pl\/de\/ueber-uns\/#primaryimage\"},\"datePublished\":\"2015-11-13T11:29:25+00:00\",\"dateModified\":\"2015-11-26T14:05:14+00:00\",\"description\":\"Im Leben eines jeden Mannes spielen Autos eine extrem wichtige Rolle. Er tritt von klein auf mit ihnen in Kontakt - oft haben Pl\u00fcschspielzeuge, Rasseln\",\"breadcrumb\":{\"@id\":\"https:\/\/kimbex.pl\/de\/ueber-uns\/#breadcrumb\"},\"inLanguage\":\"de\",\"potentialAction\":[{\"@type\":\"ReadAction\",\"target\":[\"https:\/\/kimbex.pl\/de\/ueber-uns\/\"]}]},{\"@type\":\"BreadcrumbList\",\"@id\":\"https:\/\/kimbex.pl\/de\/ueber-uns\/#breadcrumb\",\"itemListElement\":[{\"@type\":\"ListItem\",\"position\":1,\"name\":\"Strona g\u0142\u00f3wna\",\"item\":\"https:\/\/kimbex.pl\/de\/\"},{\"@type\":\"ListItem\",\"position\":2,\"name\":\"\u00dcber Uns\"}]}]}<\/script>\n<!-- \/ Yoast SEO plugin. -->","yoast_head_json":{"title":"\u00dcber Uns | Kimbex Dream Cars","description":"Im Leben eines jeden Mannes spielen Autos eine extrem wichtige Rolle. Er tritt von klein auf mit ihnen in Kontakt - oft haben Pl\u00fcschspielzeuge, Rasseln","robots":{"index":"index","follow":"follow","max-snippet":"max-snippet:-1","max-image-preview":"max-image-preview:large","max-video-preview":"max-video-preview:-1"},"canonical":"https:\/\/kimbex.pl\/de\/ueber-uns\/","og_locale":"de_DE","og_type":"article","og_title":"\u00dcber Uns | Kimbex Dream Cars","og_description":"Im Leben eines jeden Mannes spielen Autos eine extrem wichtige Rolle. Er tritt von klein auf mit ihnen in Kontakt - oft haben Pl\u00fcschspielzeuge, Rasseln","og_url":"https:\/\/kimbex.pl\/de\/ueber-uns\/","og_site_name":"Kimbex Dream Cars","article_publisher":"https:\/\/www.facebook.com\/KimbexDreamCars\/","article_modified_time":"2015-11-26T14:05:14+00:00","og_image":[{"url":"http:\/\/kimbex.pl\/wp-content\/uploads\/2015\/11\/about-us-2.jpg"}],"author":"admin","twitter_card":"summary","twitter_misc":{"Gesch\u00e4tzte Lesezeit":"3\u00a0Minuten"},"schema":{"@context":"https:\/\/schema.org","@graph":[{"@type":"WebSite","@id":"https:\/\/kimbex.pl\/#website","url":"https:\/\/kimbex.pl\/","name":"Kimbex Dream Cars","description":"Kimbex Dream Cars","potentialAction":[{"@type":"SearchAction","target":{"@type":"EntryPoint","urlTemplate":"https:\/\/kimbex.pl\/?s={search_term_string}"},"query-input":"required name=search_term_string"}],"inLanguage":"de"},{"@type":"ImageObject","inLanguage":"de","@id":"https:\/\/kimbex.pl\/de\/ueber-uns\/#primaryimage","url":"http:\/\/kimbex.pl\/wp-content\/uploads\/2015\/11\/about-us-2.jpg","contentUrl":"http:\/\/kimbex.pl\/wp-content\/uploads\/2015\/11\/about-us-2.jpg"},{"@type":"WebPage","@id":"https:\/\/kimbex.pl\/de\/ueber-uns\/#webpage","url":"https:\/\/kimbex.pl\/de\/ueber-uns\/","name":"\u00dcber Uns | Kimbex Dream Cars","isPartOf":{"@id":"https:\/\/kimbex.pl\/#website"},"primaryImageOfPage":{"@id":"https:\/\/kimbex.pl\/de\/ueber-uns\/#primaryimage"},"datePublished":"2015-11-13T11:29:25+00:00","dateModified":"2015-11-26T14:05:14+00:00","description":"Im Leben eines jeden Mannes spielen Autos eine extrem wichtige Rolle. Er tritt von klein auf mit ihnen in Kontakt - oft haben Pl\u00fcschspielzeuge, Rasseln","breadcrumb":{"@id":"https:\/\/kimbex.pl\/de\/ueber-uns\/#breadcrumb"},"inLanguage":"de","potentialAction":[{"@type":"ReadAction","target":["https:\/\/kimbex.pl\/de\/ueber-uns\/"]}]},{"@type":"BreadcrumbList","@id":"https:\/\/kimbex.pl\/de\/ueber-uns\/#breadcrumb","itemListElement":[{"@type":"ListItem","position":1,"name":"Strona g\u0142\u00f3wna","item":"https:\/\/kimbex.pl\/de\/"},{"@type":"ListItem","position":2,"name":"\u00dcber Uns"}]}]}},"_links":{"self":[{"href":"https:\/\/kimbex.pl\/de\/wp-json\/wp\/v2\/pages\/568"}],"collection":[{"href":"https:\/\/kimbex.pl\/de\/wp-json\/wp\/v2\/pages"}],"about":[{"href":"https:\/\/kimbex.pl\/de\/wp-json\/wp\/v2\/types\/page"}],"author":[{"embeddable":true,"href":"https:\/\/kimbex.pl\/de\/wp-json\/wp\/v2\/users\/2"}],"replies":[{"embeddable":true,"href":"https:\/\/kimbex.pl\/de\/wp-json\/wp\/v2\/comments?post=568"}],"version-history":[{"count":4,"href":"https:\/\/kimbex.pl\/de\/wp-json\/wp\/v2\/pages\/568\/revisions"}],"predecessor-version":[{"id":1842,"href":"https:\/\/kimbex.pl\/de\/wp-json\/wp\/v2\/pages\/568\/revisions\/1842"}],"wp:attachment":[{"href":"https:\/\/kimbex.pl\/de\/wp-json\/wp\/v2\/media?parent=568"}],"curies":[{"name":"wp","href":"https:\/\/api.w.org\/{rel}","templated":true}]}}