{"id":2318,"date":"2015-12-04T15:17:27","date_gmt":"2015-12-04T14:17:27","guid":{"rendered":"http:\/\/kimbex.pl\/?page_id=2318&#038;lang=de"},"modified":"2015-12-04T15:17:27","modified_gmt":"2015-12-04T14:17:27","slug":"video","status":"publish","type":"page","link":"https:\/\/kimbex.pl\/de\/video\/","title":{"rendered":"Video"},"content":{"rendered":"<p align=\"justify\">Obwohl die Bilder die \u00e4u\u00dfere Sch\u00f6nheit der Autos im Vollen pr\u00e4sentieren, k\u00f6nnen sie das Herz des Wagens, also das, was unter der Motorhaube verborgen bleibt, nicht genau wiederspiegeln. Wenn Sie sich davon \u00fcberzeugen wollen, wie Superautos in Bewegung klingen und aussehen, sehen Sie sich unsere Filme in der Galerie an. Diese geben nat\u00fcrlich nicht alle Emotionen wieder, die beim Umgang mit solchen Autos entstehen \u2013 Wollen Sie dies hautnah erleben, dann kontaktieren Sie uns.<\/p>\n","protected":false},"excerpt":{"rendered":"<p>Obwohl die Bilder die \u00e4u\u00dfere Sch\u00f6nheit der Autos im Vollen pr\u00e4sentieren, k\u00f6nnen sie das Herz des Wagens, also das, was unter der Motorhaube verborgen bleibt, nicht genau wiederspiegeln. Wenn Sie sich davon \u00fcberzeugen wollen, wie Superautos in Bewegung klingen und aussehen, sehen Sie sich unsere Filme in der Galerie an. Diese geben nat\u00fcrlich nicht alle [&hellip;]<\/p>\n","protected":false},"author":2,"featured_media":0,"parent":0,"menu_order":0,"comment_status":"closed","ping_status":"closed","template":"videos.php","meta":[],"yoast_head":"<!-- This site is optimized with the Yoast SEO plugin v19.2 - https:\/\/yoast.com\/wordpress\/plugins\/seo\/ -->\n<title>Video | Kimbex Dream Cars<\/title>\n<meta name=\"description\" content=\"Obwohl die Bilder die \u00e4u\u00dfere Sch\u00f6nheit der Autos im Vollen pr\u00e4sentieren, k\u00f6nnen sie das Herz des Wagens, also das, was unter der Motorhaube verborgen\" \/>\n<meta name=\"robots\" content=\"index, follow, max-snippet:-1, max-image-preview:large, max-video-preview:-1\" \/>\n<link rel=\"canonical\" href=\"https:\/\/kimbex.pl\/de\/video\/\" \/>\n<meta property=\"og:locale\" content=\"de_DE\" \/>\n<meta property=\"og:type\" content=\"article\" \/>\n<meta property=\"og:title\" content=\"Video | Kimbex Dream Cars\" \/>\n<meta property=\"og:description\" content=\"Obwohl die Bilder die \u00e4u\u00dfere Sch\u00f6nheit der Autos im Vollen pr\u00e4sentieren, k\u00f6nnen sie das Herz des Wagens, also das, was unter der Motorhaube verborgen\" \/>\n<meta property=\"og:url\" content=\"https:\/\/kimbex.pl\/de\/video\/\" \/>\n<meta property=\"og:site_name\" content=\"Kimbex Dream Cars\" \/>\n<meta property=\"article:publisher\" content=\"https:\/\/www.facebook.com\/KimbexDreamCars\/\" \/>\n<meta name=\"author\" content=\"admin\" \/>\n<meta name=\"twitter:card\" content=\"summary\" \/>\n<script type=\"application\/ld+json\" class=\"yoast-schema-graph\">{\"@context\":\"https:\/\/schema.org\",\"@graph\":[{\"@type\":\"WebSite\",\"@id\":\"https:\/\/kimbex.pl\/#website\",\"url\":\"https:\/\/kimbex.pl\/\",\"name\":\"Kimbex Dream Cars\",\"description\":\"Kimbex Dream Cars\",\"potentialAction\":[{\"@type\":\"SearchAction\",\"target\":{\"@type\":\"EntryPoint\",\"urlTemplate\":\"https:\/\/kimbex.pl\/?s={search_term_string}\"},\"query-input\":\"required name=search_term_string\"}],\"inLanguage\":\"de\"},{\"@type\":\"WebPage\",\"@id\":\"https:\/\/kimbex.pl\/de\/video\/#webpage\",\"url\":\"https:\/\/kimbex.pl\/de\/video\/\",\"name\":\"Video | Kimbex Dream Cars\",\"isPartOf\":{\"@id\":\"https:\/\/kimbex.pl\/#website\"},\"datePublished\":\"2015-12-04T14:17:27+00:00\",\"dateModified\":\"2015-12-04T14:17:27+00:00\",\"description\":\"Obwohl die Bilder die \u00e4u\u00dfere Sch\u00f6nheit der Autos im Vollen pr\u00e4sentieren, k\u00f6nnen sie das Herz des Wagens, also das, was unter der Motorhaube verborgen\",\"breadcrumb\":{\"@id\":\"https:\/\/kimbex.pl\/de\/video\/#breadcrumb\"},\"inLanguage\":\"de\",\"potentialAction\":[{\"@type\":\"ReadAction\",\"target\":[\"https:\/\/kimbex.pl\/de\/video\/\"]}]},{\"@type\":\"BreadcrumbList\",\"@id\":\"https:\/\/kimbex.pl\/de\/video\/#breadcrumb\",\"itemListElement\":[{\"@type\":\"ListItem\",\"position\":1,\"name\":\"Strona g\u0142\u00f3wna\",\"item\":\"https:\/\/kimbex.pl\/de\/\"},{\"@type\":\"ListItem\",\"position\":2,\"name\":\"Video\"}]}]}<\/script>\n<!-- \/ Yoast SEO plugin. -->","yoast_head_json":{"title":"Video | Kimbex Dream Cars","description":"Obwohl die Bilder die \u00e4u\u00dfere Sch\u00f6nheit der Autos im Vollen pr\u00e4sentieren, k\u00f6nnen sie das Herz des Wagens, also das, was unter der Motorhaube verborgen","robots":{"index":"index","follow":"follow","max-snippet":"max-snippet:-1","max-image-preview":"max-image-preview:large","max-video-preview":"max-video-preview:-1"},"canonical":"https:\/\/kimbex.pl\/de\/video\/","og_locale":"de_DE","og_type":"article","og_title":"Video | Kimbex Dream Cars","og_description":"Obwohl die Bilder die \u00e4u\u00dfere Sch\u00f6nheit der Autos im Vollen pr\u00e4sentieren, k\u00f6nnen sie das Herz des Wagens, also das, was unter der Motorhaube verborgen","og_url":"https:\/\/kimbex.pl\/de\/video\/","og_site_name":"Kimbex Dream Cars","article_publisher":"https:\/\/www.facebook.com\/KimbexDreamCars\/","author":"admin","twitter_card":"summary","schema":{"@context":"https:\/\/schema.org","@graph":[{"@type":"WebSite","@id":"https:\/\/kimbex.pl\/#website","url":"https:\/\/kimbex.pl\/","name":"Kimbex Dream Cars","description":"Kimbex Dream Cars","potentialAction":[{"@type":"SearchAction","target":{"@type":"EntryPoint","urlTemplate":"https:\/\/kimbex.pl\/?s={search_term_string}"},"query-input":"required name=search_term_string"}],"inLanguage":"de"},{"@type":"WebPage","@id":"https:\/\/kimbex.pl\/de\/video\/#webpage","url":"https:\/\/kimbex.pl\/de\/video\/","name":"Video | Kimbex Dream Cars","isPartOf":{"@id":"https:\/\/kimbex.pl\/#website"},"datePublished":"2015-12-04T14:17:27+00:00","dateModified":"2015-12-04T14:17:27+00:00","description":"Obwohl die Bilder die \u00e4u\u00dfere Sch\u00f6nheit der Autos im Vollen pr\u00e4sentieren, k\u00f6nnen sie das Herz des Wagens, also das, was unter der Motorhaube verborgen","breadcrumb":{"@id":"https:\/\/kimbex.pl\/de\/video\/#breadcrumb"},"inLanguage":"de","potentialAction":[{"@type":"ReadAction","target":["https:\/\/kimbex.pl\/de\/video\/"]}]},{"@type":"BreadcrumbList","@id":"https:\/\/kimbex.pl\/de\/video\/#breadcrumb","itemListElement":[{"@type":"ListItem","position":1,"name":"Strona g\u0142\u00f3wna","item":"https:\/\/kimbex.pl\/de\/"},{"@type":"ListItem","position":2,"name":"Video"}]}]}},"_links":{"self":[{"href":"https:\/\/kimbex.pl\/de\/wp-json\/wp\/v2\/pages\/2318"}],"collection":[{"href":"https:\/\/kimbex.pl\/de\/wp-json\/wp\/v2\/pages"}],"about":[{"href":"https:\/\/kimbex.pl\/de\/wp-json\/wp\/v2\/types\/page"}],"author":[{"embeddable":true,"href":"https:\/\/kimbex.pl\/de\/wp-json\/wp\/v2\/users\/2"}],"replies":[{"embeddable":true,"href":"https:\/\/kimbex.pl\/de\/wp-json\/wp\/v2\/comments?post=2318"}],"version-history":[{"count":1,"href":"https:\/\/kimbex.pl\/de\/wp-json\/wp\/v2\/pages\/2318\/revisions"}],"predecessor-version":[{"id":2319,"href":"https:\/\/kimbex.pl\/de\/wp-json\/wp\/v2\/pages\/2318\/revisions\/2319"}],"wp:attachment":[{"href":"https:\/\/kimbex.pl\/de\/wp-json\/wp\/v2\/media?parent=2318"}],"curies":[{"name":"wp","href":"https:\/\/api.w.org\/{rel}","templated":true}]}}