{"id":1755,"date":"2015-11-26T10:21:56","date_gmt":"2015-11-26T09:21:56","guid":{"rendered":"http:\/\/kimbex.pl\/?page_id=1755&#038;lang=de"},"modified":"2015-11-26T11:44:52","modified_gmt":"2015-11-26T10:44:52","slug":"o-nas-5","status":"publish","type":"page","link":"https:\/\/kimbex.pl\/de\/ueber-uns\/o-nas-5\/","title":{"rendered":"O nas &#8211; 5"},"content":{"rendered":"<p class=\"indent\">Cech\u0105 szczeg\u00f3ln\u0105 naszej firmy jest poddawanie wszystkich samochod\u00f3w \u015bcis\u0142ej selekcji, zar\u00f3wno pod wzgl\u0119dem technicznym, jak i prawnym \u2013 dzi\u0119ki temu <strong>maj\u0105 Pa\u0144stwo gwarancj\u0119, \u017ce zakupiony samoch\u00f3d b\u0119dzie mia\u0142 jasn\u0105, bezwypadkow\u0105 przesz\u0142o\u015b\u0107, komplet dokument\u00f3w oraz rzeczywisty przebieg<\/strong>. Ka\u017cdy z naszych pojazd\u00f3w jest na \u017cyczenie oferowany z gwarancj\u0105. Oferujemy mo\u017cliwo\u015b\u0107 zakupu na raty lub leasing poprzez Raiffeisen Leasing Polska S.A.<\/p>\n<p class=\"indent\">Opr\u00f3cz oferty sprzeda\u017cowej w sk\u0142ad naszej firmy wchodzi r\u00f3wnie\u017c wypo\u017cyczalnia, w kt\u00f3rej wynajmujemy auta przeznaczone na eventy, imprezy okoliczno\u015bciowe, na tor oraz do codziennego u\u017cytku.<\/p>\n<p class=\"indent\"><span style=\"color: #ff0000;\"><strong>Pami\u0119tajcie \u2013 nie zajmujemy si\u0119 narz\u0119dziami pracy, zajmujemy si\u0119 spe\u0142nianiem marze\u0144 \u2013 je\u017celi jeste\u015bcie gotowi na ich realizacj\u0119, skontaktujcie si\u0119 z nami!<\/strong><\/span><\/p>\n","protected":false},"excerpt":{"rendered":"<p>Cech\u0105 szczeg\u00f3ln\u0105 naszej firmy jest poddawanie wszystkich samochod\u00f3w \u015bcis\u0142ej selekcji, zar\u00f3wno pod wzgl\u0119dem technicznym, jak i prawnym \u2013 dzi\u0119ki temu maj\u0105 Pa\u0144stwo gwarancj\u0119, \u017ce zakupiony samoch\u00f3d b\u0119dzie mia\u0142 jasn\u0105, bezwypadkow\u0105 przesz\u0142o\u015b\u0107, komplet dokument\u00f3w oraz rzeczywisty przebieg. Ka\u017cdy z naszych pojazd\u00f3w jest na \u017cyczenie oferowany z gwarancj\u0105. Oferujemy mo\u017cliwo\u015b\u0107 zakupu na raty lub leasing poprzez Raiffeisen [&hellip;]<\/p>\n","protected":false},"author":2,"featured_media":1703,"parent":568,"menu_order":0,"comment_status":"closed","ping_status":"closed","template":"","meta":[],"yoast_head":"<!-- This site is optimized with the Yoast SEO plugin v19.2 - https:\/\/yoast.com\/wordpress\/plugins\/seo\/ -->\n<title>O nas - 5 | Kimbex Dream Cars<\/title>\n<meta name=\"description\" content=\"Cech\u0105 szczeg\u00f3ln\u0105 naszej firmy jest poddawanie wszystkich samochod\u00f3w \u015bcis\u0142ej selekcji, zar\u00f3wno pod wzgl\u0119dem technicznym, jak i prawnym \u2013 dzi\u0119ki temu maj\u0105\" \/>\n<meta name=\"robots\" content=\"index, follow, max-snippet:-1, max-image-preview:large, max-video-preview:-1\" \/>\n<link rel=\"canonical\" href=\"https:\/\/kimbex.pl\/de\/ueber-uns\/o-nas-5\/\" \/>\n<meta property=\"og:locale\" content=\"de_DE\" \/>\n<meta property=\"og:type\" content=\"article\" \/>\n<meta property=\"og:title\" content=\"O nas - 5 | Kimbex Dream Cars\" \/>\n<meta property=\"og:description\" content=\"Cech\u0105 szczeg\u00f3ln\u0105 naszej firmy jest poddawanie wszystkich samochod\u00f3w \u015bcis\u0142ej selekcji, zar\u00f3wno pod wzgl\u0119dem technicznym, jak i prawnym \u2013 dzi\u0119ki temu maj\u0105\" \/>\n<meta property=\"og:url\" content=\"https:\/\/kimbex.pl\/de\/ueber-uns\/o-nas-5\/\" \/>\n<meta property=\"og:site_name\" content=\"Kimbex Dream Cars\" \/>\n<meta property=\"article:publisher\" content=\"https:\/\/www.facebook.com\/KimbexDreamCars\/\" \/>\n<meta property=\"article:modified_time\" content=\"2015-11-26T10:44:52+00:00\" \/>\n<meta property=\"og:image\" content=\"https:\/\/kimbex.pl\/wp-content\/uploads\/2015\/11\/about-us-4.jpg\" \/>\n\t<meta property=\"og:image:width\" content=\"1140\" \/>\n\t<meta property=\"og:image:height\" content=\"292\" \/>\n\t<meta property=\"og:image:type\" content=\"image\/jpeg\" \/>\n<meta name=\"author\" content=\"admin\" \/>\n<meta name=\"twitter:card\" content=\"summary\" \/>\n<meta name=\"twitter:label1\" content=\"Gesch\u00e4tzte Lesezeit\" \/>\n\t<meta name=\"twitter:data1\" content=\"1\u00a0Minute\" \/>\n<script type=\"application\/ld+json\" class=\"yoast-schema-graph\">{\"@context\":\"https:\/\/schema.org\",\"@graph\":[{\"@type\":\"WebSite\",\"@id\":\"https:\/\/kimbex.pl\/#website\",\"url\":\"https:\/\/kimbex.pl\/\",\"name\":\"Kimbex Dream Cars\",\"description\":\"Kimbex Dream Cars\",\"potentialAction\":[{\"@type\":\"SearchAction\",\"target\":{\"@type\":\"EntryPoint\",\"urlTemplate\":\"https:\/\/kimbex.pl\/?s={search_term_string}\"},\"query-input\":\"required name=search_term_string\"}],\"inLanguage\":\"de\"},{\"@type\":\"ImageObject\",\"inLanguage\":\"de\",\"@id\":\"https:\/\/kimbex.pl\/de\/ueber-uns\/o-nas-5\/#primaryimage\",\"url\":\"https:\/\/kimbex.pl\/wp-content\/uploads\/2015\/11\/about-us-4.jpg\",\"contentUrl\":\"https:\/\/kimbex.pl\/wp-content\/uploads\/2015\/11\/about-us-4.jpg\",\"width\":1140,\"height\":292},{\"@type\":\"WebPage\",\"@id\":\"https:\/\/kimbex.pl\/de\/ueber-uns\/o-nas-5\/#webpage\",\"url\":\"https:\/\/kimbex.pl\/de\/ueber-uns\/o-nas-5\/\",\"name\":\"O nas - 5 | Kimbex Dream Cars\",\"isPartOf\":{\"@id\":\"https:\/\/kimbex.pl\/#website\"},\"primaryImageOfPage\":{\"@id\":\"https:\/\/kimbex.pl\/de\/ueber-uns\/o-nas-5\/#primaryimage\"},\"datePublished\":\"2015-11-26T09:21:56+00:00\",\"dateModified\":\"2015-11-26T10:44:52+00:00\",\"description\":\"Cech\u0105 szczeg\u00f3ln\u0105 naszej firmy jest poddawanie wszystkich samochod\u00f3w \u015bcis\u0142ej selekcji, zar\u00f3wno pod wzgl\u0119dem technicznym, jak i prawnym \u2013 dzi\u0119ki temu maj\u0105\",\"breadcrumb\":{\"@id\":\"https:\/\/kimbex.pl\/de\/ueber-uns\/o-nas-5\/#breadcrumb\"},\"inLanguage\":\"de\",\"potentialAction\":[{\"@type\":\"ReadAction\",\"target\":[\"https:\/\/kimbex.pl\/de\/ueber-uns\/o-nas-5\/\"]}]},{\"@type\":\"BreadcrumbList\",\"@id\":\"https:\/\/kimbex.pl\/de\/ueber-uns\/o-nas-5\/#breadcrumb\",\"itemListElement\":[{\"@type\":\"ListItem\",\"position\":1,\"name\":\"Strona g\u0142\u00f3wna\",\"item\":\"https:\/\/kimbex.pl\/de\/\"},{\"@type\":\"ListItem\",\"position\":2,\"name\":\"\u00dcber Uns\",\"item\":\"https:\/\/kimbex.pl\/de\/ueber-uns\/\"},{\"@type\":\"ListItem\",\"position\":3,\"name\":\"O nas &#8211; 5\"}]}]}<\/script>\n<!-- \/ Yoast SEO plugin. -->","yoast_head_json":{"title":"O nas - 5 | Kimbex Dream Cars","description":"Cech\u0105 szczeg\u00f3ln\u0105 naszej firmy jest poddawanie wszystkich samochod\u00f3w \u015bcis\u0142ej selekcji, zar\u00f3wno pod wzgl\u0119dem technicznym, jak i prawnym \u2013 dzi\u0119ki temu maj\u0105","robots":{"index":"index","follow":"follow","max-snippet":"max-snippet:-1","max-image-preview":"max-image-preview:large","max-video-preview":"max-video-preview:-1"},"canonical":"https:\/\/kimbex.pl\/de\/ueber-uns\/o-nas-5\/","og_locale":"de_DE","og_type":"article","og_title":"O nas - 5 | Kimbex Dream Cars","og_description":"Cech\u0105 szczeg\u00f3ln\u0105 naszej firmy jest poddawanie wszystkich samochod\u00f3w \u015bcis\u0142ej selekcji, zar\u00f3wno pod wzgl\u0119dem technicznym, jak i prawnym \u2013 dzi\u0119ki temu maj\u0105","og_url":"https:\/\/kimbex.pl\/de\/ueber-uns\/o-nas-5\/","og_site_name":"Kimbex Dream Cars","article_publisher":"https:\/\/www.facebook.com\/KimbexDreamCars\/","article_modified_time":"2015-11-26T10:44:52+00:00","og_image":[{"width":1140,"height":292,"url":"https:\/\/kimbex.pl\/wp-content\/uploads\/2015\/11\/about-us-4.jpg","type":"image\/jpeg"}],"author":"admin","twitter_card":"summary","twitter_misc":{"Gesch\u00e4tzte Lesezeit":"1\u00a0Minute"},"schema":{"@context":"https:\/\/schema.org","@graph":[{"@type":"WebSite","@id":"https:\/\/kimbex.pl\/#website","url":"https:\/\/kimbex.pl\/","name":"Kimbex Dream Cars","description":"Kimbex Dream Cars","potentialAction":[{"@type":"SearchAction","target":{"@type":"EntryPoint","urlTemplate":"https:\/\/kimbex.pl\/?s={search_term_string}"},"query-input":"required name=search_term_string"}],"inLanguage":"de"},{"@type":"ImageObject","inLanguage":"de","@id":"https:\/\/kimbex.pl\/de\/ueber-uns\/o-nas-5\/#primaryimage","url":"https:\/\/kimbex.pl\/wp-content\/uploads\/2015\/11\/about-us-4.jpg","contentUrl":"https:\/\/kimbex.pl\/wp-content\/uploads\/2015\/11\/about-us-4.jpg","width":1140,"height":292},{"@type":"WebPage","@id":"https:\/\/kimbex.pl\/de\/ueber-uns\/o-nas-5\/#webpage","url":"https:\/\/kimbex.pl\/de\/ueber-uns\/o-nas-5\/","name":"O nas - 5 | Kimbex Dream Cars","isPartOf":{"@id":"https:\/\/kimbex.pl\/#website"},"primaryImageOfPage":{"@id":"https:\/\/kimbex.pl\/de\/ueber-uns\/o-nas-5\/#primaryimage"},"datePublished":"2015-11-26T09:21:56+00:00","dateModified":"2015-11-26T10:44:52+00:00","description":"Cech\u0105 szczeg\u00f3ln\u0105 naszej firmy jest poddawanie wszystkich samochod\u00f3w \u015bcis\u0142ej selekcji, zar\u00f3wno pod wzgl\u0119dem technicznym, jak i prawnym \u2013 dzi\u0119ki temu maj\u0105","breadcrumb":{"@id":"https:\/\/kimbex.pl\/de\/ueber-uns\/o-nas-5\/#breadcrumb"},"inLanguage":"de","potentialAction":[{"@type":"ReadAction","target":["https:\/\/kimbex.pl\/de\/ueber-uns\/o-nas-5\/"]}]},{"@type":"BreadcrumbList","@id":"https:\/\/kimbex.pl\/de\/ueber-uns\/o-nas-5\/#breadcrumb","itemListElement":[{"@type":"ListItem","position":1,"name":"Strona g\u0142\u00f3wna","item":"https:\/\/kimbex.pl\/de\/"},{"@type":"ListItem","position":2,"name":"\u00dcber Uns","item":"https:\/\/kimbex.pl\/de\/ueber-uns\/"},{"@type":"ListItem","position":3,"name":"O nas &#8211; 5"}]}]}},"_links":{"self":[{"href":"https:\/\/kimbex.pl\/de\/wp-json\/wp\/v2\/pages\/1755"}],"collection":[{"href":"https:\/\/kimbex.pl\/de\/wp-json\/wp\/v2\/pages"}],"about":[{"href":"https:\/\/kimbex.pl\/de\/wp-json\/wp\/v2\/types\/page"}],"author":[{"embeddable":true,"href":"https:\/\/kimbex.pl\/de\/wp-json\/wp\/v2\/users\/2"}],"replies":[{"embeddable":true,"href":"https:\/\/kimbex.pl\/de\/wp-json\/wp\/v2\/comments?post=1755"}],"version-history":[{"count":2,"href":"https:\/\/kimbex.pl\/de\/wp-json\/wp\/v2\/pages\/1755\/revisions"}],"predecessor-version":[{"id":1783,"href":"https:\/\/kimbex.pl\/de\/wp-json\/wp\/v2\/pages\/1755\/revisions\/1783"}],"up":[{"embeddable":true,"href":"https:\/\/kimbex.pl\/de\/wp-json\/wp\/v2\/pages\/568"}],"wp:featuredmedia":[{"embeddable":true,"href":"https:\/\/kimbex.pl\/de\/wp-json\/wp\/v2\/media\/1703"}],"wp:attachment":[{"href":"https:\/\/kimbex.pl\/de\/wp-json\/wp\/v2\/media?parent=1755"}],"curies":[{"name":"wp","href":"https:\/\/api.w.org\/{rel}","templated":true}]}}