{"id":1715,"date":"2015-11-26T10:18:41","date_gmt":"2015-11-26T09:18:41","guid":{"rendered":"http:\/\/kimbex.pl\/?page_id=1715&#038;lang=de"},"modified":"2015-11-26T11:40:56","modified_gmt":"2015-11-26T10:40:56","slug":"o-nas-2","status":"publish","type":"page","link":"https:\/\/kimbex.pl\/de\/ueber-uns\/o-nas-2\/","title":{"rendered":"O nas &#8211; 2"},"content":{"rendered":"<p>P\u00f3\u017aniej przychodzi czas na pras\u0119 motoryzacyjn\u0105, z kt\u00f3rej dowiadujemy si\u0119 pierwszych szczeg\u00f3\u0142\u00f3w na temat technologii wykorzystywanej w samochodach \u2013 dzi\u0119ki&#8230; niej zachwycamy si\u0119 tak\u017ce nowymi modelami, po cichu marz\u0105c o momencie, w kt\u00f3rym si\u0105dziemy za ich kierownic\u0105. <strong>Lata lec\u0105, a mi\u0142o\u015b\u0107 do motoryzacji rozkwita <\/strong>\u2013 chwile, w kt\u00f3rych jako m\u0142odzi ch\u0142opcy pomagali\u015bmy ojcu w gara\u017cu, stanowi\u0142y okazj\u0119 do chwalenia si\u0119 przed kumplami \u2013 nawet je\u017celi naszym zadaniem by\u0142o jedynie podanie odpowiedniego klucza.<\/p>\n","protected":false},"excerpt":{"rendered":"<p>P\u00f3\u017aniej przychodzi czas na pras\u0119 motoryzacyjn\u0105, z kt\u00f3rej dowiadujemy si\u0119 pierwszych szczeg\u00f3\u0142\u00f3w na temat technologii wykorzystywanej w samochodach \u2013 dzi\u0119ki&#8230; niej zachwycamy si\u0119 tak\u017ce nowymi modelami, po cichu marz\u0105c o momencie, w kt\u00f3rym si\u0105dziemy za ich kierownic\u0105. Lata lec\u0105, a mi\u0142o\u015b\u0107 do motoryzacji rozkwita \u2013 chwile, w kt\u00f3rych jako m\u0142odzi ch\u0142opcy pomagali\u015bmy ojcu w gara\u017cu, [&hellip;]<\/p>\n","protected":false},"author":2,"featured_media":1770,"parent":568,"menu_order":0,"comment_status":"closed","ping_status":"closed","template":"","meta":[],"yoast_head":"<!-- This site is optimized with the Yoast SEO plugin v19.2 - https:\/\/yoast.com\/wordpress\/plugins\/seo\/ -->\n<title>O nas - 2 | Kimbex Dream Cars<\/title>\n<meta name=\"description\" content=\"P\u00f3\u017aniej przychodzi czas na pras\u0119 motoryzacyjn\u0105, z kt\u00f3rej dowiadujemy si\u0119 pierwszych szczeg\u00f3\u0142\u00f3w na temat technologii wykorzystywanej w samochodach \u2013\" \/>\n<meta name=\"robots\" content=\"index, follow, max-snippet:-1, max-image-preview:large, max-video-preview:-1\" \/>\n<link rel=\"canonical\" href=\"https:\/\/kimbex.pl\/de\/ueber-uns\/o-nas-2\/\" \/>\n<meta property=\"og:locale\" content=\"de_DE\" \/>\n<meta property=\"og:type\" content=\"article\" \/>\n<meta property=\"og:title\" content=\"O nas - 2 | Kimbex Dream Cars\" \/>\n<meta property=\"og:description\" content=\"P\u00f3\u017aniej przychodzi czas na pras\u0119 motoryzacyjn\u0105, z kt\u00f3rej dowiadujemy si\u0119 pierwszych szczeg\u00f3\u0142\u00f3w na temat technologii wykorzystywanej w samochodach \u2013\" \/>\n<meta property=\"og:url\" content=\"https:\/\/kimbex.pl\/de\/ueber-uns\/o-nas-2\/\" \/>\n<meta property=\"og:site_name\" content=\"Kimbex Dream Cars\" \/>\n<meta property=\"article:publisher\" content=\"https:\/\/www.facebook.com\/KimbexDreamCars\/\" \/>\n<meta property=\"article:modified_time\" content=\"2015-11-26T10:40:56+00:00\" \/>\n<meta property=\"og:image\" content=\"https:\/\/kimbex.pl\/wp-content\/uploads\/2015\/11\/DSC_3551.jpg\" \/>\n\t<meta property=\"og:image:width\" content=\"1920\" \/>\n\t<meta property=\"og:image:height\" content=\"1282\" \/>\n\t<meta property=\"og:image:type\" content=\"image\/jpeg\" \/>\n<meta name=\"author\" content=\"admin\" \/>\n<meta name=\"twitter:card\" content=\"summary\" \/>\n<script type=\"application\/ld+json\" class=\"yoast-schema-graph\">{\"@context\":\"https:\/\/schema.org\",\"@graph\":[{\"@type\":\"WebSite\",\"@id\":\"https:\/\/kimbex.pl\/#website\",\"url\":\"https:\/\/kimbex.pl\/\",\"name\":\"Kimbex Dream Cars\",\"description\":\"Kimbex Dream Cars\",\"potentialAction\":[{\"@type\":\"SearchAction\",\"target\":{\"@type\":\"EntryPoint\",\"urlTemplate\":\"https:\/\/kimbex.pl\/?s={search_term_string}\"},\"query-input\":\"required name=search_term_string\"}],\"inLanguage\":\"de\"},{\"@type\":\"ImageObject\",\"inLanguage\":\"de\",\"@id\":\"https:\/\/kimbex.pl\/de\/ueber-uns\/o-nas-2\/#primaryimage\",\"url\":\"https:\/\/kimbex.pl\/wp-content\/uploads\/2015\/11\/DSC_3551.jpg\",\"contentUrl\":\"https:\/\/kimbex.pl\/wp-content\/uploads\/2015\/11\/DSC_3551.jpg\",\"width\":1920,\"height\":1282},{\"@type\":\"WebPage\",\"@id\":\"https:\/\/kimbex.pl\/de\/ueber-uns\/o-nas-2\/#webpage\",\"url\":\"https:\/\/kimbex.pl\/de\/ueber-uns\/o-nas-2\/\",\"name\":\"O nas - 2 | Kimbex Dream Cars\",\"isPartOf\":{\"@id\":\"https:\/\/kimbex.pl\/#website\"},\"primaryImageOfPage\":{\"@id\":\"https:\/\/kimbex.pl\/de\/ueber-uns\/o-nas-2\/#primaryimage\"},\"datePublished\":\"2015-11-26T09:18:41+00:00\",\"dateModified\":\"2015-11-26T10:40:56+00:00\",\"description\":\"P\u00f3\u017aniej przychodzi czas na pras\u0119 motoryzacyjn\u0105, z kt\u00f3rej dowiadujemy si\u0119 pierwszych szczeg\u00f3\u0142\u00f3w na temat technologii wykorzystywanej w samochodach \u2013\",\"breadcrumb\":{\"@id\":\"https:\/\/kimbex.pl\/de\/ueber-uns\/o-nas-2\/#breadcrumb\"},\"inLanguage\":\"de\",\"potentialAction\":[{\"@type\":\"ReadAction\",\"target\":[\"https:\/\/kimbex.pl\/de\/ueber-uns\/o-nas-2\/\"]}]},{\"@type\":\"BreadcrumbList\",\"@id\":\"https:\/\/kimbex.pl\/de\/ueber-uns\/o-nas-2\/#breadcrumb\",\"itemListElement\":[{\"@type\":\"ListItem\",\"position\":1,\"name\":\"Strona g\u0142\u00f3wna\",\"item\":\"https:\/\/kimbex.pl\/de\/\"},{\"@type\":\"ListItem\",\"position\":2,\"name\":\"\u00dcber Uns\",\"item\":\"https:\/\/kimbex.pl\/de\/ueber-uns\/\"},{\"@type\":\"ListItem\",\"position\":3,\"name\":\"O nas &#8211; 2\"}]}]}<\/script>\n<!-- \/ Yoast SEO plugin. -->","yoast_head_json":{"title":"O nas - 2 | Kimbex Dream Cars","description":"P\u00f3\u017aniej przychodzi czas na pras\u0119 motoryzacyjn\u0105, z kt\u00f3rej dowiadujemy si\u0119 pierwszych szczeg\u00f3\u0142\u00f3w na temat technologii wykorzystywanej w samochodach \u2013","robots":{"index":"index","follow":"follow","max-snippet":"max-snippet:-1","max-image-preview":"max-image-preview:large","max-video-preview":"max-video-preview:-1"},"canonical":"https:\/\/kimbex.pl\/de\/ueber-uns\/o-nas-2\/","og_locale":"de_DE","og_type":"article","og_title":"O nas - 2 | Kimbex Dream Cars","og_description":"P\u00f3\u017aniej przychodzi czas na pras\u0119 motoryzacyjn\u0105, z kt\u00f3rej dowiadujemy si\u0119 pierwszych szczeg\u00f3\u0142\u00f3w na temat technologii wykorzystywanej w samochodach \u2013","og_url":"https:\/\/kimbex.pl\/de\/ueber-uns\/o-nas-2\/","og_site_name":"Kimbex Dream Cars","article_publisher":"https:\/\/www.facebook.com\/KimbexDreamCars\/","article_modified_time":"2015-11-26T10:40:56+00:00","og_image":[{"width":1920,"height":1282,"url":"https:\/\/kimbex.pl\/wp-content\/uploads\/2015\/11\/DSC_3551.jpg","type":"image\/jpeg"}],"author":"admin","twitter_card":"summary","schema":{"@context":"https:\/\/schema.org","@graph":[{"@type":"WebSite","@id":"https:\/\/kimbex.pl\/#website","url":"https:\/\/kimbex.pl\/","name":"Kimbex Dream Cars","description":"Kimbex Dream Cars","potentialAction":[{"@type":"SearchAction","target":{"@type":"EntryPoint","urlTemplate":"https:\/\/kimbex.pl\/?s={search_term_string}"},"query-input":"required name=search_term_string"}],"inLanguage":"de"},{"@type":"ImageObject","inLanguage":"de","@id":"https:\/\/kimbex.pl\/de\/ueber-uns\/o-nas-2\/#primaryimage","url":"https:\/\/kimbex.pl\/wp-content\/uploads\/2015\/11\/DSC_3551.jpg","contentUrl":"https:\/\/kimbex.pl\/wp-content\/uploads\/2015\/11\/DSC_3551.jpg","width":1920,"height":1282},{"@type":"WebPage","@id":"https:\/\/kimbex.pl\/de\/ueber-uns\/o-nas-2\/#webpage","url":"https:\/\/kimbex.pl\/de\/ueber-uns\/o-nas-2\/","name":"O nas - 2 | Kimbex Dream Cars","isPartOf":{"@id":"https:\/\/kimbex.pl\/#website"},"primaryImageOfPage":{"@id":"https:\/\/kimbex.pl\/de\/ueber-uns\/o-nas-2\/#primaryimage"},"datePublished":"2015-11-26T09:18:41+00:00","dateModified":"2015-11-26T10:40:56+00:00","description":"P\u00f3\u017aniej przychodzi czas na pras\u0119 motoryzacyjn\u0105, z kt\u00f3rej dowiadujemy si\u0119 pierwszych szczeg\u00f3\u0142\u00f3w na temat technologii wykorzystywanej w samochodach \u2013","breadcrumb":{"@id":"https:\/\/kimbex.pl\/de\/ueber-uns\/o-nas-2\/#breadcrumb"},"inLanguage":"de","potentialAction":[{"@type":"ReadAction","target":["https:\/\/kimbex.pl\/de\/ueber-uns\/o-nas-2\/"]}]},{"@type":"BreadcrumbList","@id":"https:\/\/kimbex.pl\/de\/ueber-uns\/o-nas-2\/#breadcrumb","itemListElement":[{"@type":"ListItem","position":1,"name":"Strona g\u0142\u00f3wna","item":"https:\/\/kimbex.pl\/de\/"},{"@type":"ListItem","position":2,"name":"\u00dcber Uns","item":"https:\/\/kimbex.pl\/de\/ueber-uns\/"},{"@type":"ListItem","position":3,"name":"O nas &#8211; 2"}]}]}},"_links":{"self":[{"href":"https:\/\/kimbex.pl\/de\/wp-json\/wp\/v2\/pages\/1715"}],"collection":[{"href":"https:\/\/kimbex.pl\/de\/wp-json\/wp\/v2\/pages"}],"about":[{"href":"https:\/\/kimbex.pl\/de\/wp-json\/wp\/v2\/types\/page"}],"author":[{"embeddable":true,"href":"https:\/\/kimbex.pl\/de\/wp-json\/wp\/v2\/users\/2"}],"replies":[{"embeddable":true,"href":"https:\/\/kimbex.pl\/de\/wp-json\/wp\/v2\/comments?post=1715"}],"version-history":[{"count":1,"href":"https:\/\/kimbex.pl\/de\/wp-json\/wp\/v2\/pages\/1715\/revisions"}],"predecessor-version":[{"id":1725,"href":"https:\/\/kimbex.pl\/de\/wp-json\/wp\/v2\/pages\/1715\/revisions\/1725"}],"up":[{"embeddable":true,"href":"https:\/\/kimbex.pl\/de\/wp-json\/wp\/v2\/pages\/568"}],"wp:featuredmedia":[{"embeddable":true,"href":"https:\/\/kimbex.pl\/de\/wp-json\/wp\/v2\/media\/1770"}],"wp:attachment":[{"href":"https:\/\/kimbex.pl\/de\/wp-json\/wp\/v2\/media?parent=1715"}],"curies":[{"name":"wp","href":"https:\/\/api.w.org\/{rel}","templated":true}]}}